{"id":335,"date":"2023-07-13T11:25:05","date_gmt":"2023-07-13T08:25:05","guid":{"rendered":"https:\/\/www.mipa.ee\/?page_id=335"},"modified":"2025-01-21T15:53:53","modified_gmt":"2025-01-21T12:53:53","slug":"products","status":"publish","type":"page","link":"https:\/\/www.mipa.ee\/en\/products\/","title":{"rendered":"Products"},"content":{"rendered":"<p>[et_pb_section fb_built=&#8221;1&#8243; custom_padding_last_edited=&#8221;off|desktop&#8221; _builder_version=&#8221;4.21.0&#8243; _module_preset=&#8221;default&#8221; custom_padding=&#8221;0px||0px||false|false&#8221; custom_padding_tablet=&#8221;0px||||false|false&#8221; custom_padding_phone=&#8221;0px||||false|false&#8221; global_colors_info=&#8221;{}&#8221;][et_pb_row make_equal=&#8221;on&#8221; _builder_version=&#8221;4.21.0&#8243; _module_preset=&#8221;default&#8221; global_colors_info=&#8221;{}&#8221;][et_pb_column type=&#8221;4_4&#8243; _builder_version=&#8221;4.21.0&#8243; _module_preset=&#8221;default&#8221; global_colors_info=&#8221;{}&#8221;][et_pb_text _builder_version=&#8221;4.21.0&#8243; _module_preset=&#8221;default&#8221; text_font=&#8221;|700|||||||&#8221; text_font_size=&#8221;26px&#8221; header_font_size=&#8221;60px&#8221; header_font_size_tablet=&#8221;60px&#8221; header_font_size_phone=&#8221;40px&#8221; header_font_size_last_edited=&#8221;on|phone&#8221; global_colors_info=&#8221;{}&#8221;]<\/p>\n<h1>Products<\/h1>\n<p>Paint and Coating Materials<\/p>\n<p>[\/et_pb_text][\/et_pb_column][\/et_pb_row][\/et_pb_section][et_pb_section fb_built=&#8221;1&#8243; fullwidth=&#8221;on&#8221; _builder_version=&#8221;4.21.0&#8243; _module_preset=&#8221;default&#8221; background_video_mp4=&#8221;https:\/\/www.mipa.ee\/wp-content\/uploads\/2025\/01\/Mipa.mp4&#8243; background_video_width=&#8221;1920&#8243; hover_enabled=&#8221;0&#8243; global_colors_info=&#8221;{}&#8221; title_text=&#8221;Mipa&#8221; sticky_enabled=&#8221;0&#8243;][et_pb_fullwidth_code _builder_version=&#8221;4.21.0&#8243; _module_preset=&#8221;default&#8221; height=&#8221;442px&#8221; global_colors_info=&#8221;{}&#8221;][\/et_pb_fullwidth_code][\/et_pb_section][et_pb_section fb_built=&#8221;1&#8243; _builder_version=&#8221;4.21.0&#8243; _module_preset=&#8221;default&#8221; global_colors_info=&#8221;{}&#8221;][et_pb_row column_structure=&#8221;1_2,1_2&#8243; make_equal=&#8221;on&#8221; _builder_version=&#8221;4.21.0&#8243; _module_preset=&#8221;default&#8221; global_colors_info=&#8221;{}&#8221;][et_pb_column type=&#8221;1_2&#8243; _builder_version=&#8221;4.21.0&#8243; _module_preset=&#8221;default&#8221; custom_padding=&#8221;||20px||false|false&#8221; custom_css_main_element=&#8221;display: flex;||align-content: space-between;||flex-wrap: wrap;&#8221; border_width_bottom=&#8221;1px&#8221; global_colors_info=&#8221;{}&#8221; custom_css_main_element_last_edited=&#8221;on|tablet&#8221; custom_css_main_element_tablet=&#8221;display: block;&#8221; custom_css_main_element_phone=&#8221;display: block;&#8221;][et_pb_blurb title=&#8221;Automotive Paints&#8221; use_icon=&#8221;on&#8221; admin_label=&#8221;Mipa Autolacke&#8221; _builder_version=&#8221;4.21.0&#8243; _module_preset=&#8221;default&#8221; header_font_size=&#8221;26px&#8221; custom_margin=&#8221;|||0px|false|false&#8221; custom_margin_tablet=&#8221;|||-60px|false|false&#8221; custom_margin_phone=&#8221;|||0px|false|false&#8221; custom_margin_last_edited=&#8221;on|phone&#8221; global_colors_info=&#8221;{}&#8221;]MIPA Autolacke specializes in providing a universal paint system designed to cater to the entire restoration and repair process of automotive paint coatings. Their range of automotive paints is specifically formulated to deliver excellent results and meet the demands of the automotive industry. Whether it&#8217;s for touch-up work or comprehensive paint repairs, MIPA Autolacke offers a reliable solution to ensure high-quality outcomes for automotive paint coatings.[\/et_pb_blurb][et_pb_button button_url=&#8221;https:\/\/www.mipa.ee\/en\/products\/mipa-autolacke\/&#8221; button_text=&#8221;\u0421atalog&#8221; admin_label=&#8221;Autolacke&#8221; _builder_version=&#8221;4.21.0&#8243; _module_preset=&#8221;default&#8221; custom_padding=&#8221;4px|30px|4px|30px|true|true&#8221; box_shadow_style=&#8221;preset3&#8243; global_colors_info=&#8221;{}&#8221;][\/et_pb_button][\/et_pb_column][et_pb_column type=&#8221;1_2&#8243; _builder_version=&#8221;4.21.0&#8243; _module_preset=&#8221;default&#8221; custom_padding=&#8221;||20px||false|false&#8221; custom_css_main_element=&#8221;display: flex;||align-content: space-between;||flex-wrap: wrap;&#8221; border_width_bottom=&#8221;1px&#8221; global_colors_info=&#8221;{}&#8221; custom_css_main_element_last_edited=&#8221;on|tablet&#8221; custom_css_main_element_tablet=&#8221;display: block;&#8221; custom_css_main_element_phone=&#8221;display: block;&#8221;][et_pb_blurb title=&#8221;Mipa Industry&#8221; use_icon=&#8221;on&#8221; admin_label=&#8221;Mipa Industry&#8221; _builder_version=&#8221;4.21.0&#8243; _module_preset=&#8221;default&#8221; header_font_size=&#8221;26px&#8221; custom_margin=&#8221;|||0px|false|false&#8221; custom_margin_tablet=&#8221;|||-60px|false|false&#8221; custom_margin_phone=&#8221;|||0px|false|false&#8221; custom_margin_last_edited=&#8221;on|phone&#8221; global_colors_info=&#8221;{}&#8221;]MIPA Industry is dedicated to offering a diverse range of industrial products that serve various technical purposes. Their product line is designed to provide long-lasting protection and exceptional finishing coatings. With a focus on quality and performance, MIPA Industry ensures that their products meet the stringent requirements of industrial applications. Whether it&#8217;s for painting metal structures, industrial equipment, commercial vehicles, specialized vehicles, heavy machinery, agricultural machinery, or urban and intercity electric transport, MIPA Industry provides reliable solutions that deliver outstanding results.[\/et_pb_blurb][et_pb_button button_url=&#8221;https:\/\/www.mipa.ee\/en\/products\/mipa-industry\/&#8221; button_text=&#8221;\u0421atalog&#8221; admin_label=&#8221;Industry&#8221; _builder_version=&#8221;4.21.0&#8243; _module_preset=&#8221;default&#8221; custom_padding=&#8221;4px|30px|4px|30px|true|true&#8221; box_shadow_style=&#8221;preset3&#8243; global_colors_info=&#8221;{}&#8221;][\/et_pb_button][\/et_pb_column][\/et_pb_row][et_pb_row column_structure=&#8221;1_2,1_2&#8243; make_equal=&#8221;on&#8221; _builder_version=&#8221;4.21.0&#8243; _module_preset=&#8221;default&#8221; global_colors_info=&#8221;{}&#8221;][et_pb_column type=&#8221;1_2&#8243; _builder_version=&#8221;4.21.0&#8243; _module_preset=&#8221;default&#8221; custom_padding=&#8221;||20px||false|false&#8221; custom_css_main_element=&#8221;display: flex;||align-content: space-between;||flex-wrap: wrap;&#8221; border_width_bottom=&#8221;1px&#8221; global_colors_info=&#8221;{}&#8221; custom_css_main_element_last_edited=&#8221;on|tablet&#8221; custom_css_main_element_tablet=&#8221;display: block;&#8221; custom_css_main_element_phone=&#8221;display: block;&#8221;][et_pb_blurb title=&#8221;Mipa Aerosols&#8221; use_icon=&#8221;on&#8221; admin_label=&#8221;Mipa Aerosols&#8221; _builder_version=&#8221;4.21.0&#8243; _module_preset=&#8221;default&#8221; header_font_size=&#8221;26px&#8221; custom_margin=&#8221;|||0px|false|false&#8221; custom_margin_tablet=&#8221;|||-60px|false|false&#8221; custom_margin_phone=&#8221;|||0px|false|false&#8221; custom_margin_last_edited=&#8221;on|phone&#8221; global_colors_info=&#8221;{}&#8221;]MIPA Aerosols specializes in providing a comprehensive range of aerosol products suitable for both semi-professional and professional use. Their aerosol product line offers convenient and efficient solutions for various applications. Whether it&#8217;s for localized repairs, touch-ups, or specific coating needs, MIPA Aerosols offers reliable and easy-to-use aerosol products that deliver quality results. With their focus on meeting the demands of different users, MIPA Aerosols ensures that their products are tailored to provide effective solutions in a convenient aerosol format.[\/et_pb_blurb][et_pb_button button_url=&#8221;https:\/\/www.mipa.ee\/en\/products\/mipa-aerosols\/&#8221; button_text=&#8221;\u0421atalog&#8221; admin_label=&#8221;Aerosols&#8221; _builder_version=&#8221;4.21.0&#8243; _module_preset=&#8221;default&#8221; custom_padding=&#8221;4px|30px|4px|30px|true|true&#8221; box_shadow_style=&#8221;preset3&#8243; global_colors_info=&#8221;{}&#8221;][\/et_pb_button][\/et_pb_column][et_pb_column type=&#8221;1_2&#8243; _builder_version=&#8221;4.21.0&#8243; _module_preset=&#8221;default&#8221; custom_padding=&#8221;||20px||false|false&#8221; custom_css_main_element=&#8221;display: flex;||align-content: space-between;||flex-wrap: wrap;&#8221; border_width_bottom=&#8221;1px&#8221; global_colors_info=&#8221;{}&#8221; custom_css_main_element_last_edited=&#8221;on|tablet&#8221; custom_css_main_element_tablet=&#8221;display: block;&#8221; custom_css_main_element_phone=&#8221;display: block;&#8221;][et_pb_blurb title=&#8221;Mipa Non-Paints&#8221; admin_label=&#8221;Mipa Non-Paints&#8221; _builder_version=&#8221;4.21.0&#8243; _module_preset=&#8221;default&#8221; header_font_size=&#8221;26px&#8221; custom_margin=&#8221;|||0px|false|false&#8221; custom_margin_tablet=&#8221;|||-60px|false|false&#8221; custom_margin_phone=&#8221;|||0px|false|false&#8221; custom_margin_last_edited=&#8221;on|phone&#8221; custom_padding=&#8221;||||false|false&#8221; global_colors_info=&#8221;{}&#8221;]MIPA, under its brand Mipa Non-Paints, provides an extensive collection of accessories tailored to every stage of painting and varnishing. Alongside abrasives, polishes, bonding, sealing, and masking products, MIPA also offers suitable tools, cleaning items, and personal protection equipment. The utmost priority lies in delivering products of exceptional quality, efficiency, and user-friendliness.[\/et_pb_blurb][et_pb_button button_url=&#8221;https:\/\/www.mipa.ee\/en\/products\/mipa-non-paints\/&#8221; button_text=&#8221;\u0421atalog&#8221; admin_label=&#8221;non-paint&#8221; _builder_version=&#8221;4.21.0&#8243; _module_preset=&#8221;default&#8221; custom_padding=&#8221;4px|30px|4px|30px|true|true&#8221; box_shadow_style=&#8221;preset3&#8243; global_colors_info=&#8221;{}&#8221;][\/et_pb_button][\/et_pb_column][\/et_pb_row][\/et_pb_section]<\/p>\n","protected":false},"excerpt":{"rendered":"<p>Products Paint and Coating MaterialsMIPA Autolacke specializes in providing a universal paint system designed to cater to the entire restoration and repair process of automotive paint coatings. Their range of automotive paints is specifically formulated to deliver excellent results and meet the demands of the automotive industry. Whether it&#8217;s for touch-up work or comprehensive paint [&hellip;]<\/p>\n","protected":false},"author":1,"featured_media":0,"parent":0,"menu_order":0,"comment_status":"closed","ping_status":"closed","template":"","meta":{"_et_pb_use_builder":"on","_et_pb_old_content":"[et_pb_section fb_built=\"1\" custom_padding_last_edited=\"off|desktop\" _builder_version=\"4.21.0\" _module_preset=\"default\" custom_padding=\"0px||0px||false|false\" custom_padding_tablet=\"0px||||false|false\" custom_padding_phone=\"0px||||false|false\" global_colors_info=\"{}\"][et_pb_row make_equal=\"on\" _builder_version=\"4.21.0\" _module_preset=\"default\" global_colors_info=\"{}\"][et_pb_column type=\"4_4\" _builder_version=\"4.21.0\" _module_preset=\"default\" global_colors_info=\"{}\"][et_pb_text _builder_version=\"4.21.0\" _module_preset=\"default\" header_font_size=\"60px\" header_font_size_tablet=\"60px\" header_font_size_phone=\"40px\" header_font_size_last_edited=\"on|phone\" global_colors_info=\"{}\"]<h1>Tooted<\/h1>[\/et_pb_text][\/et_pb_column][\/et_pb_row][\/et_pb_section][et_pb_section fb_built=\"1\" fullwidth=\"on\" _builder_version=\"4.21.0\" _module_preset=\"default\" background_video_mp4=\"https:\/\/www.mipa.ee\/wp-content\/uploads\/2023\/07\/Mipa-Eesti-website-video-1080p.mp4\" background_video_width=\"1920\" global_colors_info=\"{}\"][et_pb_fullwidth_code _builder_version=\"4.21.0\" _module_preset=\"default\" height=\"442px\" global_colors_info=\"{}\"][\/et_pb_fullwidth_code][\/et_pb_section][et_pb_section fb_built=\"1\" _builder_version=\"4.21.0\" _module_preset=\"default\" global_colors_info=\"{}\"][et_pb_row column_structure=\"1_2,1_2\" make_equal=\"on\" _builder_version=\"4.21.0\" _module_preset=\"default\" global_colors_info=\"{}\"][et_pb_column type=\"1_2\" _builder_version=\"4.21.0\" _module_preset=\"default\" custom_padding=\"||20px||false|false\" custom_css_main_element=\"display: flex;||align-content: space-between;||flex-wrap: wrap;\" border_width_bottom=\"1px\" global_colors_info=\"{}\" custom_css_main_element_last_edited=\"on|tablet\" custom_css_main_element_tablet=\"display: block;\" custom_css_main_element_phone=\"display: block;\"][et_pb_blurb title=\"Mipa Autov\u00e4rvid\" use_icon=\"on\" admin_label=\"Mipa Autolacke\" _builder_version=\"4.21.0\" _module_preset=\"default\" header_font_size=\"26px\" custom_margin=\"|||0px|false|false\" custom_margin_tablet=\"|||-60px|false|false\" custom_margin_phone=\"|||0px|false|false\" custom_margin_last_edited=\"on|phone\" global_colors_info=\"{}\"]MIPA Autov\u00e4rvid on spetsialiseerunud universaalse v\u00e4rvis\u00fcsteemi pakkumisele, mis on loodud katma kogu auto v\u00e4rvikate taastamise ja parandamise protsessi. Nende valik autov\u00e4rve on spetsiaalselt v\u00e4lja t\u00f6\u00f6tatud suurep\u00e4raste tulemuste saavutamiseks ja vastama autot\u00f6\u00f6stuse n\u00f5udmistele. Olgu tegemist puudutust\u00f6\u00f6dega v\u00f5i ulatuslike v\u00e4rviparandustega, pakub MIPA Autov\u00e4rvid usaldusv\u00e4\u00e4rse lahenduse, et tagada kvaliteetsed tulemused autov\u00e4rvikatte osas.[\/et_pb_blurb][et_pb_button button_url=\"https:\/\/www.mipa.ee\/tooted\/mipa-autovarvid\/\" button_text=\"Kataloog\" admin_label=\"Autolacke\" _builder_version=\"4.21.0\" _module_preset=\"default\" custom_padding=\"4px|30px|4px|30px|true|true\" box_shadow_style=\"preset3\" global_colors_info=\"{}\"][\/et_pb_button][\/et_pb_column][et_pb_column type=\"1_2\" _builder_version=\"4.21.0\" _module_preset=\"default\" custom_padding=\"||20px||false|false\" custom_css_main_element=\"display: flex;||align-content: space-between;||flex-wrap: wrap;\" border_width_bottom=\"1px\" global_colors_info=\"{}\" custom_css_main_element_last_edited=\"on|tablet\" custom_css_main_element_tablet=\"display: block;\" custom_css_main_element_phone=\"display: block;\"][et_pb_blurb title=\"Mipa Industry\" use_icon=\"on\" admin_label=\"Mipa Industry\" _builder_version=\"4.21.0\" _module_preset=\"default\" header_font_size=\"26px\" custom_margin=\"|||0px|false|false\" custom_margin_tablet=\"|||-60px|false|false\" custom_margin_phone=\"|||0px|false|false\" custom_margin_last_edited=\"on|phone\" global_colors_info=\"{}\"]MIPA Industry on p\u00fchendunud mitmekesise t\u00f6\u00f6stustoodete valiku pakkumisele, mis teenindavad erinevaid tehnilisi eesm\u00e4rke. Nende tootevalik on loodud pakkuma pikaajalist kaitset ja erakordseid viimistluskatteid. P\u00f6\u00f6rates t\u00e4helepanu kvaliteedile ja j\u00f5udlusele, tagab MIPA T\u00f6\u00f6stus, et nende tooted vastavad t\u00f6\u00f6stuslike rakenduste karmidele n\u00f5uetele. Olgu tegemist metallkonstruktsioonide, t\u00f6\u00f6stusseadmete, kaubikute, eriveokite, raskeveokite, p\u00f5llumajandusmasinate v\u00f5i linnalike ja maakonna elektritranspordivahendite v\u00e4rvimisega, pakub MIPA T\u00f6\u00f6stus usaldusv\u00e4\u00e4rseid lahendusi, mis tagavad silmapaistvad tulemused.[\/et_pb_blurb][et_pb_button button_url=\"https:\/\/www.mipa.ee\/tooted\/mipa-industry\/\" button_text=\"Kataloog\" admin_label=\"Industry\" _builder_version=\"4.21.0\" _module_preset=\"default\" custom_padding=\"4px|30px|4px|30px|true|true\" box_shadow_style=\"preset3\" global_colors_info=\"{}\"][\/et_pb_button][\/et_pb_column][\/et_pb_row][et_pb_row column_structure=\"1_2,1_2\" make_equal=\"on\" _builder_version=\"4.21.0\" _module_preset=\"default\" global_colors_info=\"{}\"][et_pb_column type=\"1_2\" _builder_version=\"4.21.0\" _module_preset=\"default\" custom_padding=\"||20px||false|false\" custom_css_main_element=\"display: flex;||align-content: space-between;||flex-wrap: wrap;\" border_width_bottom=\"1px\" global_colors_info=\"{}\" custom_css_main_element_last_edited=\"on|tablet\" custom_css_main_element_tablet=\"display: block;\" custom_css_main_element_phone=\"display: block;\"][et_pb_blurb title=\"Mipa Aerosoolid\" use_icon=\"on\" admin_label=\"Mipa Aerosols\" _builder_version=\"4.21.0\" _module_preset=\"default\" header_font_size=\"26px\" custom_margin=\"|||0px|false|false\" custom_margin_tablet=\"|||-60px|false|false\" custom_margin_phone=\"|||0px|false|false\" custom_margin_last_edited=\"on|phone\" global_colors_info=\"{}\"]MIPA Aerosoolid on spetsialiseerunud laiaulatusliku aerosoolitoodete valiku pakkumisele, mis sobivad nii poolprofessionaalseks kui ka professionaalseks kasutamiseks. Nende aerosooltoodete valik pakub mugavaid ja efektiivseid lahendusi erinevateks rakendusteks. Olgu tegemist piirkondlike paranduste, puudutustega v\u00f5i konkreetsete katmise vajadustega, MIPA Aerosoolid pakuvad usaldusv\u00e4\u00e4rseid ja lihtsalt kasutatavaid aerosooltooteid, mis tagavad kvaliteetsed tulemused. V\u00f5ttes arvesse erinevate kasutajate vajadusi, tagab MIPA Aerosoolid, et nende tooted on kohandatud efektiivsete lahenduste pakkumiseks mugavas aerosoolivormingus.[\/et_pb_blurb][et_pb_button button_url=\"https:\/\/www.mipa.ee\/tooted\/mipa-aerosoolvarvid\/\" button_text=\"Kataloog\" admin_label=\"Aerosols\" _builder_version=\"4.21.0\" _module_preset=\"default\" custom_padding=\"4px|30px|4px|30px|true|true\" hover_enabled=\"0\" box_shadow_style=\"preset3\" global_colors_info=\"{}\" sticky_enabled=\"0\"][\/et_pb_button][\/et_pb_column][et_pb_column type=\"1_2\" _builder_version=\"4.21.0\" _module_preset=\"default\" custom_padding=\"||20px||false|false\" custom_css_main_element=\"display: flex;||align-content: space-between;||flex-wrap: wrap;\" border_width_bottom=\"1px\" global_colors_info=\"{}\" custom_css_main_element_last_edited=\"on|tablet\" custom_css_main_element_tablet=\"display: block;\" custom_css_main_element_phone=\"display: block;\"][et_pb_blurb title=\"Mipa Non-Paints\" admin_label=\"Mipa Non-Paints\" _builder_version=\"4.21.0\" _module_preset=\"default\" header_font_size=\"26px\" custom_margin=\"|||0px|false|false\" custom_margin_tablet=\"|||-60px|false|false\" custom_margin_phone=\"|||0px|false|false\" custom_margin_last_edited=\"on|phone\" custom_padding=\"||||false|false\" global_colors_info=\"{}\"]MIPA, oma kaubam\u00e4rgi Mipa Non-Paints all, pakub laia valikut tarvikuid v\u00e4rvimise ja lakkimise igale t\u00f6\u00f6etapile. Lisaks lihvimis- ja poleerimisvahenditele ning toodetele liimimiseks, tihendamiseks v\u00f5i maskimiseks, varustab MIPA ka sobivate t\u00f6\u00f6riistade, puhastusvahendite ja isikukaitsevahenditega. Oluline fookus on alati kvaliteedil, efektiivsusel ja kasutusmugavusel.[\/et_pb_blurb][et_pb_button button_url=\"https:\/\/www.mipa.ee\/tooted\/mipa-non-paints\/\" button_text=\"Kataloog\" admin_label=\"non-paint\" _builder_version=\"4.21.0\" _module_preset=\"default\" custom_padding=\"4px|30px|4px|30px|true|true\" box_shadow_style=\"preset3\" global_colors_info=\"{}\"][\/et_pb_button][\/et_pb_column][\/et_pb_row][\/et_pb_section]","_et_gb_content_width":""},"_links":{"self":[{"href":"https:\/\/www.mipa.ee\/en\/wp-json\/wp\/v2\/pages\/335"}],"collection":[{"href":"https:\/\/www.mipa.ee\/en\/wp-json\/wp\/v2\/pages"}],"about":[{"href":"https:\/\/www.mipa.ee\/en\/wp-json\/wp\/v2\/types\/page"}],"author":[{"embeddable":true,"href":"https:\/\/www.mipa.ee\/en\/wp-json\/wp\/v2\/users\/1"}],"replies":[{"embeddable":true,"href":"https:\/\/www.mipa.ee\/en\/wp-json\/wp\/v2\/comments?post=335"}],"version-history":[{"count":5,"href":"https:\/\/www.mipa.ee\/en\/wp-json\/wp\/v2\/pages\/335\/revisions"}],"predecessor-version":[{"id":493,"href":"https:\/\/www.mipa.ee\/en\/wp-json\/wp\/v2\/pages\/335\/revisions\/493"}],"wp:attachment":[{"href":"https:\/\/www.mipa.ee\/en\/wp-json\/wp\/v2\/media?parent=335"}],"curies":[{"name":"wp","href":"https:\/\/api.w.org\/{rel}","templated":true}]}}