{"id":363,"date":"2023-07-17T13:33:42","date_gmt":"2023-07-17T10:33:42","guid":{"rendered":"https:\/\/www.mipa.ee\/?page_id=363"},"modified":"2023-07-31T12:30:56","modified_gmt":"2023-07-31T09:30:56","slug":"mipa-industry","status":"publish","type":"page","link":"https:\/\/www.mipa.ee\/en\/products\/mipa-industry\/","title":{"rendered":"Mipa Industry"},"content":{"rendered":"<p>[et_pb_section fb_built=&#8221;1&#8243; _builder_version=&#8221;4.21.0&#8243; _module_preset=&#8221;default&#8221; custom_padding=&#8221;0px||0px||false|false&#8221; global_colors_info=&#8221;{}&#8221;][et_pb_row _builder_version=&#8221;4.21.0&#8243; _module_preset=&#8221;default&#8221; custom_padding=&#8221;||0px||false|false&#8221; global_colors_info=&#8221;{}&#8221;][et_pb_column type=&#8221;4_4&#8243; _builder_version=&#8221;4.21.0&#8243; _module_preset=&#8221;default&#8221; global_colors_info=&#8221;{}&#8221;][et_pb_text _builder_version=&#8221;4.21.0&#8243; _module_preset=&#8221;default&#8221; header_font_size=&#8221;60px&#8221; header_font_size_tablet=&#8221;60px&#8221; header_font_size_phone=&#8221;40px&#8221; header_font_size_last_edited=&#8221;on|phone&#8221; global_colors_info=&#8221;{}&#8221;]<\/p>\n<h1>Mipa Industry<\/h1>\n<p>[\/et_pb_text][\/et_pb_column][\/et_pb_row][\/et_pb_section][et_pb_section fb_built=&#8221;1&#8243; make_equal=&#8221;on&#8221; specialty=&#8221;on&#8221; padding_top_bottom_link_1=&#8221;false&#8221; padding_left_right_link_1=&#8221;false&#8221; _builder_version=&#8221;4.21.0&#8243; _module_preset=&#8221;default&#8221; custom_padding=&#8221;0px||||false|false&#8221; global_colors_info=&#8221;{}&#8221;][et_pb_column type=&#8221;2_3&#8243; specialty_columns=&#8221;2&#8243; _builder_version=&#8221;4.16&#8243; custom_padding=&#8221;|||&#8221; global_colors_info=&#8221;{}&#8221; custom_padding__hover=&#8221;|||&#8221;][et_pb_row_inner custom_padding_last_edited=&#8221;on|tablet&#8221; _builder_version=&#8221;4.21.0&#8243; _module_preset=&#8221;default&#8221; custom_padding=&#8221;|20px|||false|false&#8221; custom_padding_tablet=&#8221;0px|0px|||false|false&#8221; custom_padding_phone=&#8221;|0px|||false|false&#8221; border_color_all=&#8221;#cecece&#8221; border_width_right=&#8221;1px&#8221; border_width_right_tablet=&#8221;0px&#8221; border_width_right_phone=&#8221;0px&#8221; border_width_right_last_edited=&#8221;on|tablet&#8221; global_colors_info=&#8221;{}&#8221;][et_pb_column_inner saved_specialty_column_type=&#8221;2_3&#8243; _builder_version=&#8221;4.21.0&#8243; _module_preset=&#8221;default&#8221; global_colors_info=&#8221;{}&#8221;][et_pb_text disabled_on=&#8221;off|off|on&#8221; _builder_version=&#8221;4.21.0&#8243; _module_preset=&#8221;default&#8221; background_color=&#8221;#FFFFFF&#8221; custom_padding=&#8221;10px||10px|0px|true|false&#8221; sticky_position=&#8221;top&#8221; sticky_position_tablet=&#8221;top&#8221; sticky_position_phone=&#8221;top&#8221; sticky_position_last_edited=&#8221;on|desktop&#8221; global_colors_info=&#8221;{}&#8221;]<a href=\"https:\/\/www.mipa.ee\/pdf\/Mipa-Industry_DE-EN.pdf\" target=\"_blank\" rel=\"noopener\">Mipa Industry DE\/EN (.pdf)<\/a><br \/>\n[\/et_pb_text][et_pb_text _builder_version=&#8221;4.21.0&#8243; _module_preset=&#8221;default&#8221; link_text_color=&#8221;#232323&#8243; hover_enabled=&#8221;0&#8243; border_width_right_tablet=&#8221;&#8221; border_width_right_phone=&#8221;&#8221; border_width_right_last_edited=&#8221;on|phone&#8221; global_colors_info=&#8221;{}&#8221; sticky_enabled=&#8221;0&#8243;]<\/p>\n<p><a href=\"https:\/\/www.mipa-paints.com\/en\/products\/industry\/\" target=\"_blank\" rel=\"noopener\">Mipa<\/a> industrial paint product range offers a diverse selection of materials designed for various technical purposes. These materials find application in painting metal structures, industrial equipment, commercial vehicles, specialized vehicles based on automotive platforms, heavy machinery, agricultural machinery, tractors, urban, and intercity electric transport.<\/p>\n<p>To cater to different operating conditions, technical requirements, and aesthetic preferences of the painted objects, MIPA SE provides a comprehensive range of top-notch materials. These materials ensure long-term protection and exceptional finishing. The range includes specialized primers and paints available in standard RAL and NCS color catalogs, as well as individual catalogs from various manufacturers. This allows for the creation of surfaces with different gloss levels and textures, meeting diverse needs and preferences.<\/p>\n<p>[\/et_pb_text][et_pb_image src=&#8221;https:\/\/www.mipa.ee\/wp-content\/uploads\/2023\/07\/mipa-industry.jpg&#8221; alt=&#8221;industrial paint Mipa&#8221; title_text=&#8221;mipa-industry&#8221; _builder_version=&#8221;4.21.0&#8243; _module_preset=&#8221;default&#8221; hover_enabled=&#8221;0&#8243; global_colors_info=&#8221;{}&#8221; sticky_enabled=&#8221;0&#8243;][\/et_pb_image][et_pb_text _builder_version=&#8221;4.21.0&#8243; _module_preset=&#8221;default&#8221; header_3_font=&#8221;||on||||||&#8221; header_3_font_size=&#8221;16px&#8221; hover_enabled=&#8221;0&#8243; sticky_enabled=&#8221;0&#8243;]<\/p>\n<h3>Industrial paint Mipa<\/h3>\n<p>[\/et_pb_text][\/et_pb_column_inner][\/et_pb_row_inner][\/et_pb_column][et_pb_column type=&#8221;1_3&#8243; _builder_version=&#8221;4.16&#8243; custom_padding=&#8221;|||&#8221; global_colors_info=&#8221;{}&#8221; custom_padding__hover=&#8221;|||&#8221;][et_pb_text disabled_on=&#8221;on|on|off&#8221; _builder_version=&#8221;4.21.0&#8243; _module_preset=&#8221;default&#8221; sticky_position=&#8221;top&#8221; sticky_offset_top=&#8221;40px&#8221; sticky_position_tablet=&#8221;top&#8221; sticky_position_phone=&#8221;top&#8221; sticky_position_last_edited=&#8221;on|tablet&#8221; global_colors_info=&#8221;{}&#8221;]<a href=\"https:\/\/www.mipa.ee\/pdf\/Mipa-Industry_DE-EN.pdf\" target=\"_blank\" rel=\"noopener\">Mipa Industry DE\/EN (.pdf)<\/a><br \/>\n[\/et_pb_text][\/et_pb_column][\/et_pb_section]<\/p>\n","protected":false},"excerpt":{"rendered":"<p>Mipa Industry Mipa Industry DE\/EN (.pdf) Mipa industrial paint product range offers a diverse selection of materials designed for various technical purposes. These materials find application in painting metal structures, industrial equipment, commercial vehicles, specialized vehicles based on automotive platforms, heavy machinery, agricultural machinery, tractors, urban, and intercity electric transport. To cater to different operating [&hellip;]<\/p>\n","protected":false},"author":1,"featured_media":0,"parent":335,"menu_order":0,"comment_status":"closed","ping_status":"closed","template":"","meta":{"_et_pb_use_builder":"on","_et_pb_old_content":"[et_pb_section fb_built=\"1\" _builder_version=\"4.21.0\" _module_preset=\"default\" custom_padding=\"0px||0px||false|false\" global_colors_info=\"{}\"][et_pb_row _builder_version=\"4.21.0\" _module_preset=\"default\" custom_padding=\"||0px||false|false\" global_colors_info=\"{}\"][et_pb_column type=\"4_4\" _builder_version=\"4.21.0\" _module_preset=\"default\" global_colors_info=\"{}\"][et_pb_text _builder_version=\"4.21.0\" _module_preset=\"default\" header_font_size=\"60px\" header_font_size_tablet=\"60px\" header_font_size_phone=\"40px\" header_font_size_last_edited=\"on|phone\" global_colors_info=\"{}\"]\r\n<h1>Mipa Industry<\/h1>\r\n[\/et_pb_text][\/et_pb_column][\/et_pb_row][\/et_pb_section][et_pb_section fb_built=\"1\" make_equal=\"on\" specialty=\"on\" padding_top_bottom_link_1=\"false\" padding_left_right_link_1=\"false\" _builder_version=\"4.21.0\" _module_preset=\"default\" custom_padding=\"0px||||false|false\" global_colors_info=\"{}\"][et_pb_column type=\"2_3\" specialty_columns=\"2\" _builder_version=\"4.16\" custom_padding=\"|||\" global_colors_info=\"{}\" custom_padding__hover=\"|||\"][et_pb_row_inner custom_padding_last_edited=\"on|tablet\" _builder_version=\"4.21.0\" _module_preset=\"default\" custom_padding=\"|20px|||false|false\" custom_padding_tablet=\"0px|0px|||false|false\" custom_padding_phone=\"|0px|||false|false\" border_color_all=\"#cecece\" border_width_right=\"1px\" border_width_right_tablet=\"0px\" border_width_right_phone=\"0px\" border_width_right_last_edited=\"on|tablet\" global_colors_info=\"{}\"][et_pb_column_inner saved_specialty_column_type=\"2_3\" _builder_version=\"4.21.0\" _module_preset=\"default\" global_colors_info=\"{}\"][et_pb_text disabled_on=\"off|off|on\" _builder_version=\"4.21.0\" _module_preset=\"default\" background_color=\"#FFFFFF\" custom_padding=\"10px||10px|0px|true|false\" sticky_position=\"top\" sticky_position_tablet=\"top\" sticky_position_phone=\"top\" sticky_position_last_edited=\"on|desktop\" global_colors_info=\"{}\"]\r\n\r\n<a href=\"https:\/\/www.mipa.ee\/pdf\/Mipa-Industry_DE-EN.pdf\" target=\"_blank\" rel=\"noopener\">Mipa Industry DE\/EN (.pdf)<\/a>\r\n\r\n[\/et_pb_text][et_pb_text _builder_version=\"4.21.0\" _module_preset=\"default\" link_text_color=\"#232323\" hover_enabled=\"0\" border_width_right_tablet=\"\" border_width_right_phone=\"\" border_width_right_last_edited=\"on|phone\" global_colors_info=\"{}\" sticky_enabled=\"0\"]\r\n\r\nMipa Industry t\u00f6\u00f6stuslik tootevalik h\u00f5lmab laias valikus materjale erinevate tehniliste eesm\u00e4rkide jaoks. Neid materjale kasutatakse metallkonstruktsioonide, t\u00f6\u00f6stusseadmete, kaubaveokite, eriotstarbeliste s\u00f5idukite, raskeveokite, p\u00f5llumajandustehnika, traktorite, linnade ja vahemaade elektritranspordi v\u00e4rvimiseks.\r\n\r\nS\u00f5ltuvalt kasutustingimustest, tehnilistest n\u00f5uetest ja v\u00e4rvitava objekti v\u00e4lisilme n\u00f5udmistest pakub MIPA SE kvaliteetsete materjalide komplekti pikaajaliseks kaitseks ja suurep\u00e4raseks viimistluseks. See h\u00f5lmab spetsiaalseid kruntv\u00e4rve ja v\u00e4rve, mis on saadaval standardsetes RAL- ja NCS-v\u00e4rvikataloogides ning erinevate tootjate individuaalsetes kataloogides, luues pindu erineva l\u00e4ikeastme ja struktuuriga.\r\n\r\n[\/et_pb_text][et_pb_image src=\"https:\/\/www.mipa.ee\/wp-content\/uploads\/2023\/07\/mipa-industry.jpg\" alt=\"t\u00f6\u00f6stuslik v\u00e4rvid mipa\" title_text=\"mipa-industry\" _builder_version=\"4.21.0\" _module_preset=\"default\" hover_enabled=\"0\" global_colors_info=\"{}\" sticky_enabled=\"0\"][\/et_pb_image][\/et_pb_column_inner][\/et_pb_row_inner][\/et_pb_column][et_pb_column type=\"1_3\" _builder_version=\"4.16\" custom_padding=\"|||\" global_colors_info=\"{}\" custom_padding__hover=\"|||\"][et_pb_text disabled_on=\"on|on|off\" _builder_version=\"4.21.0\" _module_preset=\"default\" sticky_position=\"top\" sticky_offset_top=\"40px\" sticky_position_tablet=\"top\" sticky_position_phone=\"top\" sticky_position_last_edited=\"on|tablet\" global_colors_info=\"{}\"]\r\n\r\n<a href=\"https:\/\/www.mipa.ee\/pdf\/Mipa-Industry_DE-EN.pdf\" target=\"_blank\" rel=\"noopener\">Mipa Industry DE\/EN (.pdf)<\/a>\r\n\r\n[\/et_pb_text][\/et_pb_column][\/et_pb_section]","_et_gb_content_width":""},"_links":{"self":[{"href":"https:\/\/www.mipa.ee\/en\/wp-json\/wp\/v2\/pages\/363"}],"collection":[{"href":"https:\/\/www.mipa.ee\/en\/wp-json\/wp\/v2\/pages"}],"about":[{"href":"https:\/\/www.mipa.ee\/en\/wp-json\/wp\/v2\/types\/page"}],"author":[{"embeddable":true,"href":"https:\/\/www.mipa.ee\/en\/wp-json\/wp\/v2\/users\/1"}],"replies":[{"embeddable":true,"href":"https:\/\/www.mipa.ee\/en\/wp-json\/wp\/v2\/comments?post=363"}],"version-history":[{"count":4,"href":"https:\/\/www.mipa.ee\/en\/wp-json\/wp\/v2\/pages\/363\/revisions"}],"predecessor-version":[{"id":468,"href":"https:\/\/www.mipa.ee\/en\/wp-json\/wp\/v2\/pages\/363\/revisions\/468"}],"up":[{"embeddable":true,"href":"https:\/\/www.mipa.ee\/en\/wp-json\/wp\/v2\/pages\/335"}],"wp:attachment":[{"href":"https:\/\/www.mipa.ee\/en\/wp-json\/wp\/v2\/media?parent=363"}],"curies":[{"name":"wp","href":"https:\/\/api.w.org\/{rel}","templated":true}]}}