{"id":403,"date":"2023-07-13T11:37:25","date_gmt":"2023-07-13T08:37:25","guid":{"rendered":"https:\/\/www.mipa.ee\/?page_id=403"},"modified":"2023-07-27T13:58:04","modified_gmt":"2023-07-27T10:58:04","slug":"about","status":"publish","type":"page","link":"https:\/\/www.mipa.ee\/en\/about\/","title":{"rendered":"About"},"content":{"rendered":"<p>[et_pb_section fb_built=&#8221;1&#8243; custom_padding_last_edited=&#8221;on|desktop&#8221; _builder_version=&#8221;4.21.0&#8243; _module_preset=&#8221;default&#8221; custom_padding_tablet=&#8221;0px||||false|false&#8221; custom_padding_phone=&#8221;0px||||false|false&#8221; global_colors_info=&#8221;{}&#8221;][et_pb_row _builder_version=&#8221;4.21.0&#8243; _module_preset=&#8221;default&#8221; custom_padding=&#8221;||0px||false|false&#8221; global_colors_info=&#8221;{}&#8221;][et_pb_column type=&#8221;4_4&#8243; _builder_version=&#8221;4.21.0&#8243; _module_preset=&#8221;default&#8221; global_colors_info=&#8221;{}&#8221;][et_pb_text _builder_version=&#8221;4.21.0&#8243; _module_preset=&#8221;default&#8221; hover_enabled=&#8221;0&#8243; global_colors_info=&#8221;{}&#8221; sticky_enabled=&#8221;0&#8243;]<\/p>\n<h3>About us<\/h3>\n<p>MIPA EESTI O\u00dc has been importing, exporting and supplying automotive painting systems, industrial and car body repair materials since 2001. The company also organises professional training courses of car painting and paint colour selection improving employee and individual qualifications.[\/et_pb_text][\/et_pb_column][\/et_pb_row][et_pb_row column_structure=&#8221;1_2,1_2&#8243; make_equal=&#8221;on&#8221; _builder_version=&#8221;4.21.0&#8243; _module_preset=&#8221;default&#8221; global_colors_info=&#8221;{}&#8221;][et_pb_column type=&#8221;1_2&#8243; _builder_version=&#8221;4.21.0&#8243; _module_preset=&#8221;default&#8221; background_image=&#8221;https:\/\/www.mipa.ee\/wp-content\/uploads\/2023\/07\/mipa-ural-about-1536&#215;864-1.jpg&#8221; custom_padding=&#8221;||||false|false&#8221; global_colors_info=&#8221;{}&#8221;][et_pb_image src=&#8221;https:\/\/www.mipa.ee\/wp-content\/uploads\/2023\/07\/mipa-ural-about-1536&#215;864-1.jpg&#8221; title_text=&#8221;mipa-ural-about-1536&#215;864&#8243; disabled_on=&#8221;off|off|on&#8221; _builder_version=&#8221;4.21.0&#8243; _module_preset=&#8221;default&#8221; global_colors_info=&#8221;{}&#8221;][\/et_pb_image][\/et_pb_column][et_pb_column type=&#8221;1_2&#8243; _builder_version=&#8221;4.21.0&#8243; _module_preset=&#8221;default&#8221; global_colors_info=&#8221;{}&#8221;][et_pb_text _builder_version=&#8221;4.21.0&#8243; _module_preset=&#8221;default&#8221; hover_enabled=&#8221;0&#8243; global_colors_info=&#8221;{}&#8221; sticky_enabled=&#8221;0&#8243;]Our company satisfies all customer needs with the help of experienced staff by offering a wide range of goods: more than 1000 different products for car body repair.<\/p>\n<p>Our continuous effort to keep abreast of the latest technologies enables us to deliver the most effective solutions to our customers.[\/et_pb_text][\/et_pb_column][\/et_pb_row][et_pb_row _builder_version=&#8221;4.21.0&#8243; _module_preset=&#8221;default&#8221; custom_padding=&#8221;||0px||false|false&#8221; global_colors_info=&#8221;{}&#8221;][et_pb_column type=&#8221;4_4&#8243; _builder_version=&#8221;4.21.0&#8243; _module_preset=&#8221;default&#8221; global_colors_info=&#8221;{}&#8221;][et_pb_text _builder_version=&#8221;4.21.0&#8243; _module_preset=&#8221;default&#8221; text_orientation=&#8221;center&#8221; global_colors_info=&#8221;{}&#8221;]<\/p>\n<h3>Why choose us?<\/h3>\n<p>[\/et_pb_text][\/et_pb_column][\/et_pb_row][et_pb_row column_structure=&#8221;1_2,1_2&#8243; _builder_version=&#8221;4.21.0&#8243; _module_preset=&#8221;default&#8221; global_colors_info=&#8221;{}&#8221;][et_pb_column type=&#8221;1_2&#8243; _builder_version=&#8221;4.21.0&#8243; _module_preset=&#8221;default&#8221; global_colors_info=&#8221;{}&#8221;][et_pb_blurb title=&#8221;Reliability of quality&#8221; use_icon=&#8221;on&#8221; _builder_version=&#8221;4.21.0&#8243; _module_preset=&#8221;default&#8221; header_font_size=&#8221;26px&#8221; text_orientation=&#8221;center&#8221; global_colors_info=&#8221;{}&#8221;]The reliability of MIPA SE&#8217;s products is backed by the ISO 9001 quality management certificate, which serves as confirmation of the high quality standards upheld by the company. When the coating preparation and material application technology are followed as recommended, the coatings have a service life of 10 years or more. This emphasizes the commitment of MIPA SE to providing durable and long-lasting coatings to its customers.[\/et_pb_blurb][\/et_pb_column][et_pb_column type=&#8221;1_2&#8243; _builder_version=&#8221;4.21.0&#8243; _module_preset=&#8221;default&#8221; global_colors_info=&#8221;{}&#8221;][et_pb_blurb title=&#8221;Environmental Care&#8221; use_icon=&#8221;on&#8221; _builder_version=&#8221;4.21.0&#8243; _module_preset=&#8221;default&#8221; header_font_size=&#8221;26px&#8221; text_orientation=&#8221;center&#8221; global_colors_info=&#8221;{}&#8221;]MIPA SE places a strong emphasis on environmental care throughout the entire process of development, production, and commercialization. The company goes beyond meeting legislative requirements and prioritizes the protection of the environment and natural resources. This is achieved by focusing on safeguarding the painted object and utilizing environmentally friendly raw materials and painting systems. By adopting such practices, MIPA SE demonstrates its commitment to sustainable and responsible approaches that contribute to the well-being of the environment.[\/et_pb_blurb][\/et_pb_column][\/et_pb_row][\/et_pb_section]<\/p>\n","protected":false},"excerpt":{"rendered":"<p>About us MIPA EESTI O\u00dc has been importing, exporting and supplying automotive painting systems, industrial and car body repair materials since 2001. The company also organises professional training courses of car painting and paint colour selection improving employee and individual qualifications.Our company satisfies all customer needs with the help of experienced staff by offering a [&hellip;]<\/p>\n","protected":false},"author":1,"featured_media":0,"parent":0,"menu_order":0,"comment_status":"closed","ping_status":"closed","template":"","meta":{"_et_pb_use_builder":"on","_et_pb_old_content":"[et_pb_section fb_built=\"1\" custom_padding_last_edited=\"on|desktop\" _builder_version=\"4.21.0\" _module_preset=\"default\" custom_padding_tablet=\"0px||||false|false\" custom_padding_phone=\"0px||||false|false\" global_colors_info=\"{}\"][et_pb_row _builder_version=\"4.21.0\" _module_preset=\"default\" custom_padding=\"||0px||false|false\" global_colors_info=\"{}\"][et_pb_column type=\"4_4\" _builder_version=\"4.21.0\" _module_preset=\"default\" global_colors_info=\"{}\"][et_pb_text _builder_version=\"4.21.0\" _module_preset=\"default\" hover_enabled=\"0\" global_colors_info=\"{}\" sticky_enabled=\"0\"]<h3>MIPA toodete turustamine<\/h3>\r\nMIPA tooted levivad l\u00e4bi ulatusliku edasim\u00fc\u00fcjate v\u00f5rgustiku, mis tegutseb erinevates piirkondades ja riikides. Koost\u00f6\u00f6d teeme usaldusv\u00e4\u00e4rsete partneritega, kes on spetsialiseerunud v\u00e4rvimis- ja kattematerjalide tarnimisele, tagamaks meie toodete laialdast k\u00e4ttesaadavust ja \u00f5igeaegset tarneid klientidele.[\/et_pb_text][\/et_pb_column][\/et_pb_row][et_pb_row column_structure=\"1_2,1_2\" make_equal=\"on\" _builder_version=\"4.21.0\" _module_preset=\"default\" global_colors_info=\"{}\"][et_pb_column type=\"1_2\" _builder_version=\"4.21.0\" _module_preset=\"default\" background_image=\"https:\/\/www.mipa.ee\/wp-content\/uploads\/2023\/07\/mipa-ural-about-1536x864-1.jpg\" custom_padding=\"||||false|false\" global_colors_info=\"{}\"][et_pb_image src=\"https:\/\/www.mipa.ee\/wp-content\/uploads\/2023\/07\/mipa-ural-about-1536x864-1.jpg\" title_text=\"mipa-ural-about-1536x864\" disabled_on=\"off|off|on\" _builder_version=\"4.21.0\" _module_preset=\"default\" hover_enabled=\"0\" global_colors_info=\"{}\" sticky_enabled=\"0\"][\/et_pb_image][\/et_pb_column][et_pb_column type=\"1_2\" _builder_version=\"4.21.0\" _module_preset=\"default\" global_colors_info=\"{}\"][et_pb_text _builder_version=\"4.21.0\" _module_preset=\"default\" hover_enabled=\"0\" global_colors_info=\"{}\" sticky_enabled=\"0\"]Meie ettev\u00f5te hoiab tihedat suhet meie edasim\u00fc\u00fcjatega, pakkudes neile vajalikku tuge, koolitust ning ajakohast teavet meie viimaste MIPA toodete kohta. Meie eesm\u00e4rk on luua pikaajalisi partnerlussuhteid, mis p\u00f5hinevad vastastikusel kasul ning jagatud edul.\r\n\r\nKui olete huvitatud MIPA toodete edasim\u00fc\u00fcjaks saamisest, v\u00f5tke meiega julgelt \u00fchendust, et saada rohkem teavet ja uurida potentsiaalseid koost\u00f6\u00f6v\u00f5imalusi. Ootame teiega koost\u00f6\u00f6d![\/et_pb_text][\/et_pb_column][\/et_pb_row][et_pb_row _builder_version=\"4.21.0\" _module_preset=\"default\" custom_padding=\"||0px||false|false\" global_colors_info=\"{}\"][et_pb_column type=\"4_4\" _builder_version=\"4.21.0\" _module_preset=\"default\" global_colors_info=\"{}\"][et_pb_text _builder_version=\"4.21.0\" _module_preset=\"default\" text_orientation=\"center\" hover_enabled=\"0\" global_colors_info=\"{}\" sticky_enabled=\"0\"]<h3>Miks valitakse meid?<\/h3>[\/et_pb_text][\/et_pb_column][\/et_pb_row][et_pb_row column_structure=\"1_2,1_2\" _builder_version=\"4.21.0\" _module_preset=\"default\" global_colors_info=\"{}\"][et_pb_column type=\"1_2\" _builder_version=\"4.21.0\" _module_preset=\"default\" global_colors_info=\"{}\"][et_pb_blurb title=\"Kvaliteedi usaldusv\u00e4\u00e4rsus\" use_icon=\"on\" _builder_version=\"4.21.0\" _module_preset=\"default\" header_font_size=\"26px\" text_orientation=\"center\" hover_enabled=\"0\" global_colors_info=\"{}\" sticky_enabled=\"0\"]MIPA SE toodete usaldusv\u00e4\u00e4rsust toetab ISO 9001 kvaliteedijuhtimise sertifikaat, mis kinnitab ettev\u00f5tte poolt j\u00e4rgitavaid k\u00f5rgeid kvaliteedistandardeid. Kui katte ettevalmistamise ja materjali kasutamise tehnoloogiat j\u00e4rgitakse soovituste kohaselt, on katetel kasutusiga 10 aastat v\u00f5i rohkem. See r\u00f5hutab MIPA SE p\u00fchendumust pakkuda oma klientidele vastupidavaid ja pikaajalisi katteid.[\/et_pb_blurb][\/et_pb_column][et_pb_column type=\"1_2\" _builder_version=\"4.21.0\" _module_preset=\"default\" global_colors_info=\"{}\"][et_pb_blurb title=\"Keskkonnahoid\" use_icon=\"on\" _builder_version=\"4.21.0\" _module_preset=\"default\" header_font_size=\"26px\" text_orientation=\"center\" hover_enabled=\"0\" global_colors_info=\"{}\" sticky_enabled=\"0\"]MIPA SE paneb suurt r\u00f5hku keskkonnahoiule kogu arendamise, tootmise ja turustamise protsessi v\u00e4ltel. Ettev\u00f5te l\u00e4heb kaugemale seaduslike n\u00f5uete t\u00e4itmisest ning prioriteediks on keskkonna ja loodusvarade kaitse. Seda saavutatakse keskendudes v\u00e4rvitud objekti kaitsele ning kasutades keskkonnas\u00f5bralikke tooraineid ja v\u00e4rvimiss\u00fcsteeme. Selliste tavade omaksv\u00f5tmisega n\u00e4itab MIPA SE oma p\u00fchendumust j\u00e4tkusuutlikele ja vastutustundlikele l\u00e4henemisviisidele, mis aitavad kaasa keskkonna heaolule.[\/et_pb_blurb][\/et_pb_column][\/et_pb_row][\/et_pb_section]","_et_gb_content_width":""},"_links":{"self":[{"href":"https:\/\/www.mipa.ee\/en\/wp-json\/wp\/v2\/pages\/403"}],"collection":[{"href":"https:\/\/www.mipa.ee\/en\/wp-json\/wp\/v2\/pages"}],"about":[{"href":"https:\/\/www.mipa.ee\/en\/wp-json\/wp\/v2\/types\/page"}],"author":[{"embeddable":true,"href":"https:\/\/www.mipa.ee\/en\/wp-json\/wp\/v2\/users\/1"}],"replies":[{"embeddable":true,"href":"https:\/\/www.mipa.ee\/en\/wp-json\/wp\/v2\/comments?post=403"}],"version-history":[{"count":4,"href":"https:\/\/www.mipa.ee\/en\/wp-json\/wp\/v2\/pages\/403\/revisions"}],"predecessor-version":[{"id":441,"href":"https:\/\/www.mipa.ee\/en\/wp-json\/wp\/v2\/pages\/403\/revisions\/441"}],"wp:attachment":[{"href":"https:\/\/www.mipa.ee\/en\/wp-json\/wp\/v2\/media?parent=403"}],"curies":[{"name":"wp","href":"https:\/\/api.w.org\/{rel}","templated":true}]}}